{"id":1648,"date":"2023-09-16T19:58:00","date_gmt":"2023-09-16T19:58:00","guid":{"rendered":"https:\/\/academilhas.com.br\/agencia\/?page_id=1648"},"modified":"2023-10-20T09:52:08","modified_gmt":"2023-10-20T09:52:08","slug":"assessoria","status":"publish","type":"page","link":"https:\/\/academilhas.com.br\/agencia\/assessoria\/","title":{"rendered":"Assessoria"},"content":{"rendered":"\n<div class=\"wp-block-uagb-container uagb-block-311af1d0 alignfull uagb-is-root-container\"><div class=\"uagb-container-inner-blocks-wrap\">\n<div class=\"wp-block-uagb-advanced-heading uagb-block-41efef6c\"><h1 class=\"uagb-heading-text\">Assessoria<\/h1><\/div>\n<\/div><\/div>\n\n\n\n<div class=\"wp-block-uagb-container uagb-block-7e0019e9 alignfull uagb-is-root-container\"><div class=\"uagb-container-inner-blocks-wrap\">\n<div class=\"wp-block-uagb-container uagb-block-4cce216f\">\n<figure class=\"wp-block-image size-full is-resized has-custom-border is-style-rounded wp-duotone-unset-1\"><img loading=\"lazy\" decoding=\"async\" width=\"695\" height=\"688\" src=\"https:\/\/academilhas.com.br\/agencia\/wp-content\/uploads\/2023\/09\/eduardo-de-sa.jpg\" alt=\"\" class=\"wp-image-1699\" style=\"border-style:none;border-width:0px;aspect-ratio:1;object-fit:cover;width:291px;height:auto\" srcset=\"https:\/\/academilhas.com.br\/agencia\/wp-content\/uploads\/2023\/09\/eduardo-de-sa.jpg 695w, https:\/\/academilhas.com.br\/agencia\/wp-content\/uploads\/2023\/09\/eduardo-de-sa-300x297.jpg 300w\" sizes=\"auto, (max-width: 695px) 100vw, 695px\" \/><\/figure>\n<\/div>\n\n\n\n<div class=\"wp-block-uagb-container uagb-block-168e63e2\">\n<div class=\"wp-block-uagb-advanced-heading uagb-block-464cad51\"><h2 class=\"uagb-heading-text\">O Especialista<br>das Milhas<\/h2><\/div>\n<\/div>\n\n\n\n<div class=\"wp-block-uagb-container uagb-block-76993a8d\">\n<p class=\"has-medium-font-size\"><strong>Eduardo Loredo<\/strong> (<a href=\"http:\/\/instagram.com\/especialistadasmilhas\">@especialistadasmilhas<\/a>), 59 anos, casado, empres\u00e1rio viajante, pai, j\u00e1 conheceu mais de 50 pa\u00edses e possui uma vasta experi\u00eancia no ac\u00famulo de milhas.<\/p>\n<\/div>\n\n\n\n<div class=\"wp-block-uagb-container uagb-block-27758ac6\">\n<p class=\"has-white-color has-ast-global-color-0-background-color has-text-color has-background has-medium-font-size\">+ de 1.400 trechos voados<br><br>+ de 120 milh\u00f5es de milhas acumuladas<\/p>\n<\/div>\n<\/div><\/div>\n\n\n\n<p><\/p>\n\n\n\n<div class=\"wp-block-uagb-advanced-heading uagb-block-cfd7f2ae\"><h2 class=\"uagb-heading-text\">Perguntas frequentes<\/h2><div class=\"uagb-separator\"><\/div><\/div>\n\n\n<div class=\"wp-block-uagb-faq uagb-faq__outer-wrap uagb-block-14008e73 uagb-faq-icon-row uagb-faq-layout-accordion uagb-faq-expand-first-true uagb-faq-inactive-other-true uagb-faq__wrap uagb-buttons-layout-wrap uagb-faq-equal-height     \" data-faqtoggle=\"true\" role=\"tablist\"><div class=\"wp-block-uagb-faq-child uagb-faq-child__outer-wrap uagb-faq-item uagb-block-3c87dc9b \" role=\"tab\" tabindex=\"0\"><div class=\"uagb-faq-questions-button uagb-faq-questions\">\t\t\t<span class=\"uagb-icon uagb-faq-icon-wrap\">\n\t\t\t\t\t\t\t\t<svg xmlns=\"https:\/\/www.w3.org\/2000\/svg\" viewBox= \"0 0 448 512\"><path d=\"M432 256c0 17.69-14.33 32.01-32 32.01H256v144c0 17.69-14.33 31.99-32 31.99s-32-14.3-32-31.99v-144H48c-17.67 0-32-14.32-32-32.01s14.33-31.99 32-31.99H192v-144c0-17.69 14.33-32.01 32-32.01s32 14.32 32 32.01v144h144C417.7 224 432 238.3 432 256z\"><\/path><\/svg>\n\t\t\t\t\t\t\t<\/span>\n\t\t\t\t\t\t<span class=\"uagb-icon-active uagb-faq-icon-wrap\">\n\t\t\t\t\t\t\t\t<svg xmlns=\"https:\/\/www.w3.org\/2000\/svg\" viewBox= \"0 0 448 512\"><path d=\"M400 288h-352c-17.69 0-32-14.32-32-32.01s14.31-31.99 32-31.99h352c17.69 0 32 14.3 32 31.99S417.7 288 400 288z\"><\/path><\/svg>\n\t\t\t\t\t\t\t<\/span>\n\t\t\t<span class=\"uagb-question\">Como funciona a assessoria?<\/span><\/div><div class=\"uagb-faq-content\"><p>Com dedica\u00e7\u00e3o a conhecer cada cliente e entender as suas prefer\u00eancias, montamos um roteiro especial e exclusivo para que sua viagem seja inesquec\u00edvel.\u00a0\u00a0<\/p><\/div><\/div><div class=\"wp-block-uagb-faq-child uagb-faq-child__outer-wrap uagb-faq-item uagb-block-434d4315 \" role=\"tab\" tabindex=\"0\"><div class=\"uagb-faq-questions-button uagb-faq-questions\">\t\t\t<span class=\"uagb-icon uagb-faq-icon-wrap\">\n\t\t\t\t\t\t\t\t<svg xmlns=\"https:\/\/www.w3.org\/2000\/svg\" viewBox= \"0 0 448 512\"><path d=\"M432 256c0 17.69-14.33 32.01-32 32.01H256v144c0 17.69-14.33 31.99-32 31.99s-32-14.3-32-31.99v-144H48c-17.67 0-32-14.32-32-32.01s14.33-31.99 32-31.99H192v-144c0-17.69 14.33-32.01 32-32.01s32 14.32 32 32.01v144h144C417.7 224 432 238.3 432 256z\"><\/path><\/svg>\n\t\t\t\t\t\t\t<\/span>\n\t\t\t\t\t\t<span class=\"uagb-icon-active uagb-faq-icon-wrap\">\n\t\t\t\t\t\t\t\t<svg xmlns=\"https:\/\/www.w3.org\/2000\/svg\" viewBox= \"0 0 448 512\"><path d=\"M400 288h-352c-17.69 0-32-14.32-32-32.01s14.31-31.99 32-31.99h352c17.69 0 32 14.3 32 31.99S417.7 288 400 288z\"><\/path><\/svg>\n\t\t\t\t\t\t\t<\/span>\n\t\t\t<span class=\"uagb-question\">O que preciso saber antes de contratar?<\/span><\/div><div class=\"uagb-faq-content\"><p>J\u00e1 ter em mente todas essas respostas a seguir:<br><br><img decoding=\"async\" src=\"https:\/\/fonts.gstatic.com\/s\/e\/notoemoji\/15.0\/25aa_fe0f\/32.png\" alt=\"\u25aa\ufe0f\">\u00a0Qual origem e destino?<br><img decoding=\"async\" src=\"https:\/\/fonts.gstatic.com\/s\/e\/notoemoji\/15.0\/25aa_fe0f\/32.png\" alt=\"\u25aa\ufe0f\">\u00a0Qual \u00e9 a data de ida e volta?<br><img decoding=\"async\" src=\"https:\/\/fonts.gstatic.com\/s\/e\/notoemoji\/15.0\/25aa_fe0f\/32.png\" alt=\"\u25aa\ufe0f\">\u00a0Quantas pessoas viajam?<br><img decoding=\"async\" src=\"https:\/\/fonts.gstatic.com\/s\/e\/notoemoji\/15.0\/25aa_fe0f\/32.png\" alt=\"\u25aa\ufe0f\">\u00a0Quantas malas despachadas?<\/p><\/div><\/div><div class=\"wp-block-uagb-faq-child uagb-faq-child__outer-wrap uagb-faq-item uagb-block-57f35f31 \" role=\"tab\" tabindex=\"0\"><div class=\"uagb-faq-questions-button uagb-faq-questions\">\t\t\t<span class=\"uagb-icon uagb-faq-icon-wrap\">\n\t\t\t\t\t\t\t\t<svg xmlns=\"https:\/\/www.w3.org\/2000\/svg\" viewBox= \"0 0 448 512\"><path d=\"M432 256c0 17.69-14.33 32.01-32 32.01H256v144c0 17.69-14.33 31.99-32 31.99s-32-14.3-32-31.99v-144H48c-17.67 0-32-14.32-32-32.01s14.33-31.99 32-31.99H192v-144c0-17.69 14.33-32.01 32-32.01s32 14.32 32 32.01v144h144C417.7 224 432 238.3 432 256z\"><\/path><\/svg>\n\t\t\t\t\t\t\t<\/span>\n\t\t\t\t\t\t<span class=\"uagb-icon-active uagb-faq-icon-wrap\">\n\t\t\t\t\t\t\t\t<svg xmlns=\"https:\/\/www.w3.org\/2000\/svg\" viewBox= \"0 0 448 512\"><path d=\"M400 288h-352c-17.69 0-32-14.32-32-32.01s14.31-31.99 32-31.99h352c17.69 0 32 14.3 32 31.99S417.7 288 400 288z\"><\/path><\/svg>\n\t\t\t\t\t\t\t<\/span>\n\t\t\t<span class=\"uagb-question\">Serve para todo tipo de viagem?<\/span><\/div><div class=\"uagb-faq-content\"><p>Sim. A assessoria da Academilhas serve para passagens a\u00e9reas, cruzeiros, pacotes e passagens de \u00f4nibus.<\/p><\/div><\/div><div class=\"wp-block-uagb-faq-child uagb-faq-child__outer-wrap uagb-faq-item uagb-block-c1b3a1b6 \" role=\"tab\" tabindex=\"0\"><div class=\"uagb-faq-questions-button uagb-faq-questions\">\t\t\t<span class=\"uagb-icon uagb-faq-icon-wrap\">\n\t\t\t\t\t\t\t\t<svg xmlns=\"https:\/\/www.w3.org\/2000\/svg\" viewBox= \"0 0 448 512\"><path d=\"M432 256c0 17.69-14.33 32.01-32 32.01H256v144c0 17.69-14.33 31.99-32 31.99s-32-14.3-32-31.99v-144H48c-17.67 0-32-14.32-32-32.01s14.33-31.99 32-31.99H192v-144c0-17.69 14.33-32.01 32-32.01s32 14.32 32 32.01v144h144C417.7 224 432 238.3 432 256z\"><\/path><\/svg>\n\t\t\t\t\t\t\t<\/span>\n\t\t\t\t\t\t<span class=\"uagb-icon-active uagb-faq-icon-wrap\">\n\t\t\t\t\t\t\t\t<svg xmlns=\"https:\/\/www.w3.org\/2000\/svg\" viewBox= \"0 0 448 512\"><path d=\"M400 288h-352c-17.69 0-32-14.32-32-32.01s14.31-31.99 32-31.99h352c17.69 0 32 14.3 32 31.99S417.7 288 400 288z\"><\/path><\/svg>\n\t\t\t\t\t\t\t<\/span>\n\t\t\t<span class=\"uagb-question\">Quais servi\u00e7os s\u00e3o ofertados?<\/span><\/div><div class=\"uagb-faq-content\"><p><img decoding=\"async\" src=\"https:\/\/fonts.gstatic.com\/s\/e\/notoemoji\/15.0\/25aa_fe0f\/32.png\" alt=\"\u25aa\ufe0f\">\u00a0Passagens a\u00e9reas\u00a0<br><img decoding=\"async\" src=\"https:\/\/fonts.gstatic.com\/s\/e\/notoemoji\/15.0\/25aa_fe0f\/32.png\" alt=\"\u25aa\ufe0f\">\u00a0Hospedagens<br><img decoding=\"async\" src=\"https:\/\/fonts.gstatic.com\/s\/e\/notoemoji\/15.0\/25aa_fe0f\/32.png\" alt=\"\u25aa\ufe0f\">\u00a0Assessoria<br><img decoding=\"async\" src=\"https:\/\/fonts.gstatic.com\/s\/e\/notoemoji\/15.0\/25aa_fe0f\/32.png\" alt=\"\u25aa\ufe0f\">\u00a0Roteiro personalizado<br><img decoding=\"async\" src=\"https:\/\/fonts.gstatic.com\/s\/e\/notoemoji\/15.0\/25aa_fe0f\/32.png\" alt=\"\u25aa\ufe0f\">\u00a0Assist\u00eancia durante toda a viagem<br><img decoding=\"async\" src=\"https:\/\/fonts.gstatic.com\/s\/e\/notoemoji\/15.0\/25aa_fe0f\/32.png\" alt=\"\u25aa\ufe0f\">\u00a0Emiss\u00e3o de passaporte<br><img decoding=\"async\" src=\"https:\/\/fonts.gstatic.com\/s\/e\/notoemoji\/15.0\/25aa_fe0f\/32.png\" alt=\"\u25aa\ufe0f\">\u00a0Visto americano<br><img decoding=\"async\" src=\"https:\/\/fonts.gstatic.com\/s\/e\/notoemoji\/15.0\/25aa_fe0f\/32.png\" alt=\"\u25aa\ufe0f\">\u00a0C\u00e2mbio<br><img decoding=\"async\" src=\"https:\/\/fonts.gstatic.com\/s\/e\/notoemoji\/15.0\/25aa_fe0f\/32.png\" alt=\"\u25aa\ufe0f\">\u00a0Seguro viagem e muito mais..<\/p><\/div><\/div><div class=\"wp-block-uagb-faq-child uagb-faq-child__outer-wrap uagb-faq-item uagb-block-f89893ed \" role=\"tab\" tabindex=\"0\"><div class=\"uagb-faq-questions-button uagb-faq-questions\">\t\t\t<span class=\"uagb-icon uagb-faq-icon-wrap\">\n\t\t\t\t\t\t\t\t<svg xmlns=\"https:\/\/www.w3.org\/2000\/svg\" viewBox= \"0 0 448 512\"><path d=\"M432 256c0 17.69-14.33 32.01-32 32.01H256v144c0 17.69-14.33 31.99-32 31.99s-32-14.3-32-31.99v-144H48c-17.67 0-32-14.32-32-32.01s14.33-31.99 32-31.99H192v-144c0-17.69 14.33-32.01 32-32.01s32 14.32 32 32.01v144h144C417.7 224 432 238.3 432 256z\"><\/path><\/svg>\n\t\t\t\t\t\t\t<\/span>\n\t\t\t\t\t\t<span class=\"uagb-icon-active uagb-faq-icon-wrap\">\n\t\t\t\t\t\t\t\t<svg xmlns=\"https:\/\/www.w3.org\/2000\/svg\" viewBox= \"0 0 448 512\"><path d=\"M400 288h-352c-17.69 0-32-14.32-32-32.01s14.31-31.99 32-31.99h352c17.69 0 32 14.3 32 31.99S417.7 288 400 288z\"><\/path><\/svg>\n\t\t\t\t\t\t\t<\/span>\n\t\t\t<span class=\"uagb-question\">Como funciona a garantia?<\/span><\/div><div class=\"uagb-faq-content\"><p>No ato da compra \u00e9 gerado o E-ticket que \u00e9 o c\u00f3digo emitido pela companhia a\u00e9rea, com ele \u00e9 poss\u00edvel localizar o voo e todas as informa\u00e7\u00f5es da viagem. Essa \u00e9 a garantia de que seu bilhete foi emitido logo ap\u00f3s o ato da compra.<\/p><\/div><\/div><\/div>\n\n\n<div style=\"height:100px\" aria-hidden=\"true\" class=\"wp-block-spacer\"><\/div>\n\n\n\n<div class=\"wp-block-uagb-advanced-heading uagb-block-2ead38fd\"><h2 class=\"uagb-heading-text\">Contrate agora<\/h2><div class=\"uagb-separator\"><\/div><\/div>\n\n\n\n<div class=\"wp-block-uagb-call-to-action uagb-block-21e03c6a wp-block-button\"><div class=\"uagb-cta__wrap\"><p class=\"uagb-cta__desc\">Voe com a Academilhas, realize seus sonhos e tenha a melhor experi\u00eancia&nbsp;da&nbsp;sua&nbsp;vida!<\/p><\/div><div class=\"uagb-cta__buttons\"><a href=\"#\" class=\"uagb-cta__button-link-wrapper wp-block-button__link\" target=\"_self\" rel=\"noopener noreferrer\">Eu quero contratar<\/a><\/div><\/div>\n\n\n\n<div style=\"height:100px\" aria-hidden=\"true\" class=\"wp-block-spacer\"><\/div>\n","protected":false},"excerpt":{"rendered":"<p>Assessoria O Especialistadas Milhas Eduardo Loredo (@especialistadasmilhas), 59 anos, casado, empres\u00e1rio viajante, pai, j\u00e1 conheceu mais de 50 pa\u00edses e possui uma vasta experi\u00eancia no ac\u00famulo de milhas. + de 1.400 trechos voados + de 120 milh\u00f5es de milhas acumuladas Perguntas frequentes Contrate agora<\/p>\n","protected":false},"author":1,"featured_media":0,"parent":0,"menu_order":0,"comment_status":"closed","ping_status":"closed","template":"","meta":{"_uag_custom_page_level_css":"","site-sidebar-layout":"default","site-content-layout":"","ast-site-content-layout":"default","site-content-style":"unboxed","site-sidebar-style":"unboxed","ast-global-header-display":"","ast-banner-title-visibility":"disabled","ast-main-header-display":"","ast-hfb-above-header-display":"","ast-hfb-below-header-display":"","ast-hfb-mobile-header-display":"","site-post-title":"","ast-breadcrumbs-content":"","ast-featured-img":"","footer-sml-layout":"","theme-transparent-header-meta":"enabled","adv-header-id-meta":"","stick-header-meta":"","header-above-stick-meta":"","header-main-stick-meta":"","header-below-stick-meta":"","astra-migrate-meta-layouts":"set","footnotes":""},"class_list":["post-1648","page","type-page","status-publish","hentry"],"uagb_featured_image_src":{"full":false,"thumbnail":false,"medium":false,"medium_large":false,"large":false,"1536x1536":false,"2048x2048":false},"uagb_author_info":{"display_name":"brunolecambel","author_link":"https:\/\/academilhas.com.br\/agencia\/author\/brunolecambel\/"},"uagb_comment_info":0,"uagb_excerpt":"Assessoria O Especialistadas Milhas Eduardo Loredo (@especialistadasmilhas), 59 anos, casado, empres\u00e1rio viajante, pai, j\u00e1 conheceu mais de 50 pa\u00edses e possui uma vasta experi\u00eancia no ac\u00famulo de milhas. + de 1.400 trechos voados + de 120 milh\u00f5es de milhas acumuladas Perguntas frequentes Contrate agora","_links":{"self":[{"href":"https:\/\/academilhas.com.br\/agencia\/wp-json\/wp\/v2\/pages\/1648","targetHints":{"allow":["GET"]}}],"collection":[{"href":"https:\/\/academilhas.com.br\/agencia\/wp-json\/wp\/v2\/pages"}],"about":[{"href":"https:\/\/academilhas.com.br\/agencia\/wp-json\/wp\/v2\/types\/page"}],"author":[{"embeddable":true,"href":"https:\/\/academilhas.com.br\/agencia\/wp-json\/wp\/v2\/users\/1"}],"replies":[{"embeddable":true,"href":"https:\/\/academilhas.com.br\/agencia\/wp-json\/wp\/v2\/comments?post=1648"}],"version-history":[{"count":22,"href":"https:\/\/academilhas.com.br\/agencia\/wp-json\/wp\/v2\/pages\/1648\/revisions"}],"predecessor-version":[{"id":1771,"href":"https:\/\/academilhas.com.br\/agencia\/wp-json\/wp\/v2\/pages\/1648\/revisions\/1771"}],"wp:attachment":[{"href":"https:\/\/academilhas.com.br\/agencia\/wp-json\/wp\/v2\/media?parent=1648"}],"curies":[{"name":"wp","href":"https:\/\/api.w.org\/{rel}","templated":true}]}}