{"id":1071,"date":"2021-02-27T14:25:58","date_gmt":"2021-02-27T14:25:58","guid":{"rendered":"https:\/\/academilhas.com.br\/agencia\/about-me\/"},"modified":"2023-10-20T03:07:16","modified_gmt":"2023-10-20T03:07:16","slug":"quem-somos","status":"publish","type":"page","link":"https:\/\/academilhas.com.br\/agencia\/quem-somos\/","title":{"rendered":"Quem somos"},"content":{"rendered":"\n<div class=\"wp-block-uagb-container uagb-block-311af1d0 alignfull uagb-is-root-container\"><div class=\"uagb-container-inner-blocks-wrap\">\n<div class=\"wp-block-uagb-advanced-heading uagb-block-41efef6c\"><h1 class=\"uagb-heading-text\">Apaixonados em realizar sonhos<\/h1><\/div>\n<\/div><\/div>\n\n\n\n<div class=\"wp-block-uagb-container uagb-block-814dbb6c alignfull uagb-is-root-container\"><div class=\"uagb-container-inner-blocks-wrap\">\n<div class=\"wp-block-uagb-container uagb-block-0007c06b\">\n<div class=\"wp-block-uagb-container uagb-block-268d78ac\"><\/div>\n\n\n\n<div class=\"wp-block-uagb-container uagb-block-d55ba80f\"><\/div>\n\n\n\n<div class=\"wp-block-uagb-container uagb-block-0dc657d4\">\n<div class=\"wp-block-uagb-advanced-heading uagb-block-f7d6b068\"><h2 class=\"uagb-heading-text\">Quem somos<\/h2><\/div>\n<\/div>\n<\/div>\n\n\n\n<div class=\"wp-block-uagb-container uagb-block-e79606c7\">\n<div class=\"wp-block-uagb-container uagb-block-6957e3e9\">\n<div class=\"wp-block-uagb-advanced-heading uagb-block-6b5f714e\"><h3 class=\"uagb-heading-text\">Fotografias<\/h3><\/div>\n<\/div>\n\n\n\n<div class=\"wp-block-uagb-container uagb-block-2673dc36\">\n<div class=\"wp-block-uagb-advanced-heading uagb-block-a68c0994\"><p class=\"uagb-heading-text\">Muito al\u00e9m de uma ag\u00eancia de viagens. Nossa miss\u00e3o \u00e9 ajudar brasileiros a realizar seus sonhos.<\/p><\/div>\n\n\n\n<p>&#8220;Quando estava do lado do cliente, senti falta de uma empresa que prestasse suporte durante a viagem da maneira que julgava o ideal; mas por muitas das vezes, s\u00f3 vendiam a passagem e depois me sentia sozinho e sem amparo.<\/p>\n\n\n\n<p>Pensando nessa necessidade, criei a Academilhas. Al\u00e9m de ofertar o suporte e consultoria durante toda a viagem, procuramos sempre o menor pre\u00e7o e conforto. &#8221; &#8211; Eduardo Loredo (CEO Academilhas).<\/p>\n\n\n\n<p>Com CNPJ, CADASTUR em dia, atendimento on-line e presencial; o nosso objetivo \u00e9 voc\u00ea feliz com o atendimento, satisfeito em pagar pouco e se sentir seguro e amparado.<\/p>\n\n\n\n<p>Fa\u00e7a sua cota\u00e7\u00e3o e se surpreenda com os valores e bilhetes emitidos na hora.<\/p>\n\n\n\n<p>Academilhas &#8211; uma empresa de seriedade, criada por quem ama viajar com mais de 1.400 trechos voados e 120 milh\u00f5es de milhas acumuladas.<\/p>\n<\/div>\n<\/div>\n<\/div><\/div>\n","protected":false},"excerpt":{"rendered":"<p>Apaixonados em realizar sonhos Quem somos Fotografias Muito al\u00e9m de uma ag\u00eancia de viagens. Nossa miss\u00e3o \u00e9 ajudar brasileiros a realizar seus sonhos. &#8220;Quando estava do lado do cliente, senti falta de uma empresa que prestasse suporte durante a viagem da maneira que julgava o ideal; mas por muitas das vezes, s\u00f3 vendiam a passagem &hellip;<\/p>\n<p class=\"read-more\"> <a class=\"\" href=\"https:\/\/academilhas.com.br\/agencia\/quem-somos\/\"> <span class=\"screen-reader-text\">Quem somos<\/span> Leia mais &raquo;<\/a><\/p>\n","protected":false},"author":1,"featured_media":0,"parent":0,"menu_order":0,"comment_status":"closed","ping_status":"closed","template":"","meta":{"_uag_custom_page_level_css":"","site-sidebar-layout":"no-sidebar","site-content-layout":"plain-container","ast-site-content-layout":"normal-width-container","site-content-style":"unboxed","site-sidebar-style":"unboxed","ast-global-header-display":"","ast-banner-title-visibility":"","ast-main-header-display":"","ast-hfb-above-header-display":"","ast-hfb-below-header-display":"","ast-hfb-mobile-header-display":"","site-post-title":"disabled","ast-breadcrumbs-content":"","ast-featured-img":"","footer-sml-layout":"","theme-transparent-header-meta":"enabled","adv-header-id-meta":"","stick-header-meta":"","header-above-stick-meta":"","header-main-stick-meta":"","header-below-stick-meta":"","astra-migrate-meta-layouts":"set","footnotes":""},"class_list":["post-1071","page","type-page","status-publish","hentry"],"uagb_featured_image_src":{"full":false,"thumbnail":false,"medium":false,"medium_large":false,"large":false,"1536x1536":false,"2048x2048":false},"uagb_author_info":{"display_name":"brunolecambel","author_link":"https:\/\/academilhas.com.br\/agencia\/author\/brunolecambel\/"},"uagb_comment_info":0,"uagb_excerpt":"Apaixonados em realizar sonhos Quem somos Fotografias Muito al\u00e9m de uma ag\u00eancia de viagens. Nossa miss\u00e3o \u00e9 ajudar brasileiros a realizar seus sonhos. &#8220;Quando estava do lado do cliente, senti falta de uma empresa que prestasse suporte durante a viagem da maneira que julgava o ideal; mas por muitas das vezes, s\u00f3 vendiam a passagem&hellip;","_links":{"self":[{"href":"https:\/\/academilhas.com.br\/agencia\/wp-json\/wp\/v2\/pages\/1071","targetHints":{"allow":["GET"]}}],"collection":[{"href":"https:\/\/academilhas.com.br\/agencia\/wp-json\/wp\/v2\/pages"}],"about":[{"href":"https:\/\/academilhas.com.br\/agencia\/wp-json\/wp\/v2\/types\/page"}],"author":[{"embeddable":true,"href":"https:\/\/academilhas.com.br\/agencia\/wp-json\/wp\/v2\/users\/1"}],"replies":[{"embeddable":true,"href":"https:\/\/academilhas.com.br\/agencia\/wp-json\/wp\/v2\/comments?post=1071"}],"version-history":[{"count":11,"href":"https:\/\/academilhas.com.br\/agencia\/wp-json\/wp\/v2\/pages\/1071\/revisions"}],"predecessor-version":[{"id":1762,"href":"https:\/\/academilhas.com.br\/agencia\/wp-json\/wp\/v2\/pages\/1071\/revisions\/1762"}],"wp:attachment":[{"href":"https:\/\/academilhas.com.br\/agencia\/wp-json\/wp\/v2\/media?parent=1071"}],"curies":[{"name":"wp","href":"https:\/\/api.w.org\/{rel}","templated":true}]}}