{"id":1055,"date":"2021-02-27T13:55:54","date_gmt":"2021-02-27T13:55:54","guid":{"rendered":"https:\/\/academilhas.com.br\/agencia\/home\/"},"modified":"2024-02-22T13:35:38","modified_gmt":"2024-02-22T13:35:38","slug":"home","status":"publish","type":"page","link":"https:\/\/academilhas.com.br\/agencia\/","title":{"rendered":"Home"},"content":{"rendered":"\n<div class=\"wp-block-uagb-container uagb-block-6c0d9af5 alignfull uagb-is-root-container\"><div class=\"uagb-container__video-wrap\"><video autoplay loop muted playsinline><source src=\"https:\/\/academilhas.com.br\/agencia\/wp-content\/uploads\/2023\/09\/video-site-fundo-academilhas.mp4\" type=\"video\/mp4\"\/><\/video><\/div><div class=\"uagb-container-inner-blocks-wrap\">\n<div class=\"wp-block-uagb-container uagb-block-d7155706\">\n<div class=\"wp-block-uagb-info-box uagb-block-aa0536f7 uagb-infobox__content-wrap  uagb-infobox-icon-above-title uagb-infobox-image-valign-top\"><div class=\"uagb-ifb-content\"><div class=\"uagb-ifb-title-wrap\"><h1 class=\"uagb-ifb-title\">Desbrave o mundo gastando<br>bem menos do que voc\u00ea imagina!<\/h1><\/div><div class=\"uagb-ifb-button-wrapper wp-block-button\"><a href=\"https:\/\/chat.whatsapp.com\/Ls0CLayK2gJ0n7xKIgdIz8\" class=\"uagb-infobox-cta-link wp-block-button__link\" target=\"_blank\" rel=\"noopener noreferrer\" onclick=\"return true;\" alt=\"\"><span class=\"uagb-inline-editing\">Clique para entrar no Grupo<\/span><\/a><\/div><\/div><\/div>\n<\/div>\n<\/div><\/div>\n\n\n\n<div class=\"wp-block-uagb-container uagb-block-3be1d504 alignfull uagb-is-root-container\"><div class=\"uagb-container-inner-blocks-wrap\">\n<div class=\"wp-block-uagb-container uagb-block-f7291795\">\n<div class=\"wp-block-uagb-advanced-heading uagb-block-31b21c65\"><h1 class=\"uagb-heading-text\">Apaixonados em realizar sonhos<\/h1><\/div>\n\n\n\n<div class=\"wp-block-uagb-info-box uagb-block-fe8f6e7f uagb-infobox__content-wrap  uagb-infobox-icon-above-title uagb-infobox-image-valign-top\"><div class=\"uagb-ifb-content\"><div class=\"uagb-ifb-title-wrap\"><h3 class=\"uagb-ifb-title\">Receba ofertas especiais e viaje cada vez mais!<\/h3><\/div><div class=\"uagb-ifb-separator\"><\/div><p class=\"uagb-ifb-desc\">Com mais de 1000 clientes satisfeitos e suporte total durante toda a viagem. Somos especialistas em bilhetes com o menor custo poss\u00edvel e mais de 20 anos de experi\u00eancia em milhas a\u00e9reas.<\/p><div class=\"uagb-ifb-button-wrapper wp-block-button\"><a href=\"https:\/\/chat.whatsapp.com\/Ls0CLayK2gJ0n7xKIgdIz8\" class=\"uagb-infobox-cta-link wp-block-button__link\" target=\"_blank\" rel=\"noopener noreferrer\" onclick=\"return true;\" alt=\"\"><span class=\"uagb-inline-editing\">Clique para entrar no Grupo <\/span><\/a><\/div><\/div><\/div>\n<\/div>\n<\/div><\/div>\n\n\n\n<div class=\"wp-block-uagb-container uagb-block-1515de73 alignfull uagb-is-root-container\"><div class=\"uagb-container-inner-blocks-wrap\">\n<div class=\"wp-block-uagb-advanced-heading uagb-block-5380cecd\"><h2 class=\"uagb-heading-text\">Top #3 destinos mais comprados:<\/h2><div class=\"uagb-separator\"><\/div><\/div>\n\n\n\n<div class=\"wp-block-uagb-container uagb-block-3ead1829\">\n<div class=\"wp-block-uagb-container uagb-block-b16e6a92\">\n<div class=\"wp-block-uagb-info-box uagb-block-eee4c170 uagb-infobox__content-wrap  uagb-infobox-icon-above-title uagb-infobox-image-valign-top\"><div class=\"uagb-ifb-content\"><div class=\"uagb-ifb-image-content\"><img decoding=\"async\" src=\"https:\/\/academilhas.com.br\/agencia\/wp-content\/uploads\/2023\/09\/pt-foto-1.jpg\" alt=\"\" width=\"932\" height=\"618\" loading=\"lazy\"\/><\/div><div class=\"uagb-ifb-title-wrap\"><h3 class=\"uagb-ifb-title\">Portugal<\/h3><\/div><p class=\"uagb-ifb-desc\">Descubra Portugal como nunca antes! Comece pela deslumbrante Lisboa, mergulhe em seus hist\u00f3ricos bairros e vistas incr\u00edveis. E n\u00e3o perca o encanto do Porto, com seus vinhos inesquec\u00edveis. Reserve sua passagem e viva momentos \u00fanicos neste destino apaixonante!<\/p><div class=\"uagb-ifb-button-wrapper wp-block-button\"><a href=\"#\" class=\"uagb-infobox-cta-link wp-block-button__link\" target=\"_self\" rel=\"noopener noreferrer\" onclick=\"return false;\" alt=\"\"><span class=\"uagb-inline-editing\">Eu quero ir<\/span><\/a><\/div><\/div><\/div>\n<\/div>\n\n\n\n<div class=\"wp-block-uagb-container uagb-block-05604ad0\">\n<div class=\"wp-block-uagb-info-box uagb-block-75317cf9 uagb-infobox__content-wrap  uagb-infobox-icon-above-title uagb-infobox-image-valign-top\"><div class=\"uagb-ifb-content\"><div class=\"uagb-ifb-image-content\"><img decoding=\"async\" src=\"https:\/\/academilhas.com.br\/agencia\/wp-content\/uploads\/2023\/09\/sp-foto-1.jpg\" alt=\"\" width=\"932\" height=\"618\" loading=\"lazy\"\/><\/div><div class=\"uagb-ifb-title-wrap\"><h3 class=\"uagb-ifb-title\">S\u00e3o Paulo<\/h3><\/div><p class=\"uagb-ifb-desc\">Descubra a energia contagiante da vida noturna de S\u00e3o Paulo! Com uma diversidade de bares, restaurantes, e casas noturnas que nunca dormem. H\u00e1 sempre algo para todos os gostos. Mergulhe na atmosfera pulsante dessa metr\u00f3pole brasileira!<\/p><div class=\"uagb-ifb-button-wrapper wp-block-button\"><a href=\"#\" class=\"uagb-infobox-cta-link wp-block-button__link\" target=\"_self\" rel=\"noopener noreferrer\" onclick=\"return false;\" alt=\"\"><span class=\"uagb-inline-editing\">Eu quero ir<\/span><\/a><\/div><\/div><\/div>\n<\/div>\n\n\n\n<div class=\"wp-block-uagb-container uagb-block-26861d0e\">\n<div class=\"wp-block-uagb-info-box uagb-block-0279d0d5 uagb-infobox__content-wrap  uagb-infobox-icon-above-title uagb-infobox-image-valign-top\"><div class=\"uagb-ifb-content\"><div class=\"uagb-ifb-image-content\"><img decoding=\"async\" src=\"https:\/\/academilhas.com.br\/agencia\/wp-content\/uploads\/2023\/09\/miami-foto-1.jpg\" alt=\"\" width=\"932\" height=\"618\" loading=\"lazy\"\/><\/div><div class=\"uagb-ifb-title-wrap\"><h3 class=\"uagb-ifb-title\">Miami<\/h3><\/div><p class=\"uagb-ifb-desc\">Miami, um verdadeiro para\u00edso adorado pelos brasileiros! Explore as praias paradis\u00edacas, como Miami Beach e South Beach, onde o sol brilha o ano todo. E para compras, o Design District \u00e9 uma op\u00e7\u00e3o movimentada. Fa\u00e7a sua reserva e viva esse sonho!<\/p><div class=\"uagb-ifb-button-wrapper wp-block-button\"><a href=\"#\" class=\"uagb-infobox-cta-link wp-block-button__link\" target=\"_self\" rel=\"noopener noreferrer\" onclick=\"return false;\" alt=\"\"><span class=\"uagb-inline-editing\">Eu quero ir<\/span><\/a><\/div><\/div><\/div>\n<\/div>\n<\/div>\n<\/div><\/div>\n\n\n\n<div class=\"wp-block-uagb-container uagb-block-d88381c0 alignfull uagb-is-root-container\"><div class=\"uagb-container-inner-blocks-wrap\">\n<div class=\"wp-block-group is-layout-constrained wp-block-group-is-layout-constrained\">\n<div class=\"wp-block-uagb-testimonial uagb-slick-carousel uagb-tm__arrow-outside uagb-block-3fc0c095\"><div class=\"is-carousel uagb-tm__columns-1 uagb-tm__items\"><div class=\"uagb-testimonial__wrap  uagb-tm__imgicon-style-circle uagb-tm__image-position-bottom uagb-tm__bg-type-none \"><div class=\"uagb-tm__content\"><div class=\"uagb-tm__overlay\"><\/div><div class=\"uagb-tm__text-wrap\"><div class=\"uagb-tm__desc\">\u201cA Academilhas tornou minha viagem um conto de fadas acess\u00edvel.<br>Comprei minha passagem a\u00e9rea por um valor \u00f3timo.\u201d<\/div><div class=\"uagb-tm__meta-inner\"><div class=\"uagb-tm__image-content\"><div class=\"uagb-tm__image\"><img decoding=\"async\" class=\"uagb-tm-img-src\" src=\"https:\/\/academilhas.com.br\/agencia\/wp-content\/uploads\/2019\/01\/pic21-free-img.jpg\" alt=\"\" width=\"60\" height=\"60\" loading=\"lazy\"\/><\/div><\/div><div class=\"uagb-testimonial-details\"><span class=\"uagb-tm__author-name\">Pedro Rodrigues<\/span><span class=\"uagb-tm__company\">Fot\u00f3grafo<\/span><\/div><\/div><\/div><\/div><\/div><div class=\"uagb-testimonial__wrap  uagb-tm__imgicon-style-circle uagb-tm__image-position-bottom uagb-tm__bg-type-none \"><div class=\"uagb-tm__content\"><div class=\"uagb-tm__overlay\"><\/div><div class=\"uagb-tm__text-wrap\"><div class=\"uagb-tm__desc\">\u201cA Academilhas foi a chave para uma jornada cheia de emo\u00e7\u00e3o e economia. Comprei minha passagem a\u00e9rea a um pre\u00e7o incr\u00edvel, tornando poss\u00edvel vivenciar uma viagem cheia de descobertas e encantos.\u201d<\/div><div class=\"uagb-tm__meta-inner\"><div class=\"uagb-tm__image-content\"><div class=\"uagb-tm__image\"><img decoding=\"async\" class=\"uagb-tm-img-src\" src=\"https:\/\/academilhas.com.br\/agencia\/wp-content\/uploads\/2019\/01\/pic21-free-img.jpg\" alt=\"\" width=\"60\" height=\"60\" loading=\"lazy\"\/><\/div><\/div><div class=\"uagb-testimonial-details\"><span class=\"uagb-tm__author-name\">Jos\u00e9 Augusto<\/span><span class=\"uagb-tm__company\">Engenheiro<\/span><\/div><\/div><\/div><\/div><\/div><div class=\"uagb-testimonial__wrap  uagb-tm__imgicon-style-circle uagb-tm__image-position-bottom uagb-tm__bg-type-none \"><div class=\"uagb-tm__content\"><div class=\"uagb-tm__overlay\"><\/div><div class=\"uagb-tm__text-wrap\"><div class=\"uagb-tm__desc\">\u201cGra\u00e7as \u00e0 Academilhas, encontrei passagens a\u00e9reas a pre\u00e7os surpreendentemente acess\u00edveis, desfrutando de todo o conforto e suporte durante a viagem. Excelente servi\u00e7o!\u201d<\/div><div class=\"uagb-tm__meta-inner\"><div class=\"uagb-tm__image-content\"><div class=\"uagb-tm__image\"><img decoding=\"async\" class=\"uagb-tm-img-src\" src=\"https:\/\/academilhas.com.br\/agencia\/wp-content\/uploads\/2019\/01\/pic21-free-img.jpg\" alt=\"\" width=\"60\" height=\"60\" loading=\"lazy\"\/><\/div><\/div><div class=\"uagb-testimonial-details\"><span class=\"uagb-tm__author-name\">Guilherme Souza<\/span><span class=\"uagb-tm__company\">Designer<\/span><\/div><\/div><\/div><\/div><\/div><\/div><\/div>\n<\/div>\n<\/div><\/div>\n\n\n\n<div class=\"wp-block-uagb-container uagb-block-6a8730d6 alignwide uagb-is-root-container\">\n<div class=\"wp-block-uagb-container uagb-block-3155f185\">\n<div class=\"wp-block-uagb-info-box uagb-block-05728358 uagb-infobox__content-wrap  uagb-infobox-icon-above-title uagb-infobox-image-valign-top\"><div class=\"uagb-ifb-content\"><div class=\"uagb-ifb-image-content\"><img decoding=\"async\" src=\"https:\/\/academilhas.com.br\/agencia\/wp-content\/uploads\/2023\/09\/icone-aviao-vermelho-01.png\" alt=\"\" width=\"40\" height=\"40\" loading=\"lazy\"\/><\/div><div class=\"uagb-ifb-title-wrap\"><h4 class=\"uagb-ifb-title\">Passagens Nacionais e Internacionais<\/h4><\/div><div class=\"uagb-ifb-separator\"><\/div><p class=\"uagb-ifb-desc\">Seja qual for o seu destino, fazer voc\u00ea chegar l\u00e1 \u00e9 a nossa miss\u00e3o.<\/p><\/div><\/div>\n<\/div>\n\n\n\n<div class=\"wp-block-uagb-container uagb-block-edcdcaf9\">\n<div class=\"wp-block-uagb-info-box uagb-block-8a7554e1 uagb-infobox__content-wrap  uagb-infobox-icon-above-title uagb-infobox-image-valign-top\"><div class=\"uagb-ifb-content\"><div class=\"uagb-ifb-image-content\"><img decoding=\"async\" src=\"https:\/\/academilhas.com.br\/agencia\/wp-content\/uploads\/2023\/09\/icone-seta-gps-01.png\" alt=\"\" width=\"40\" height=\"40\" loading=\"lazy\"\/><\/div><div class=\"uagb-ifb-title-wrap\"><h4 class=\"uagb-ifb-title\">Roteiros personalizados<br>para voc\u00ea aproveitar mais<\/h4><\/div><div class=\"uagb-ifb-separator\"><\/div><p class=\"uagb-ifb-desc\">Sua viagem completa: passagens, hospedagem e at\u00e9 passeios. Tudo planejado com carinho e experi\u00eancia para que tudo seja inesquec\u00edvel. <\/p><\/div><\/div>\n<\/div>\n\n\n\n<div class=\"wp-block-uagb-container uagb-block-1e49ec91\">\n<div class=\"wp-block-uagb-info-box uagb-block-4ff9136e uagb-infobox__content-wrap  uagb-infobox-icon-above-title uagb-infobox-image-valign-top\"><div class=\"uagb-ifb-content\"><div class=\"uagb-ifb-image-content\"><img decoding=\"async\" src=\"https:\/\/academilhas.com.br\/agencia\/wp-content\/uploads\/2023\/09\/icone-rescue-01.png\" alt=\"\" width=\"40\" height=\"40\" loading=\"lazy\"\/><\/div><div class=\"uagb-ifb-title-wrap\"><h4 class=\"uagb-ifb-title\">Consultoria<br>durante toda a viagem<\/h4><\/div><div class=\"uagb-ifb-separator\"><\/div><\/div><\/div>\n<\/div>\n<\/div>\n\n\n\n<div style=\"margin-top:var(--wp--preset--spacing--20);margin-bottom:var(--wp--preset--spacing--20);height:63px\" aria-hidden=\"true\" class=\"wp-block-spacer\"><\/div>\n\n\n\n<div class=\"wp-block-uagb-advanced-heading uagb-block-45c2d97e\"><h2 class=\"uagb-heading-text\">Atendimento presencial:<\/h2><div class=\"uagb-separator\"><\/div><\/div>\n\n\n\t\t\t<div \n\t\t\tclass=\"wp-block-uagb-google-map uagb-google-map__wrap uagb-block-e5720485     \"\n\t\t\tstyle=\"\" >\n\t\t\t\t<embed\n\t\t\t\t\tclass=\"uagb-google-map__iframe\"\n\t\t\t\t\ttitle=\"Google Map for \"\n\t\t\t\t\tsrc=\"https:\/\/maps.google.com\/maps?q=Rua%20Miguel%20de%20frias%2C%20123%20-%20Cobertura%202%C2%BA%20andar&#038;z=18&#038;hl=pt&#038;t=m&#038;output=embed&#038;iwloc=near\"\n\t\t\t\t\twidth=\"640\"\n\t\t\t\t\theight=\"334\"\n\t\t\t\t\tloading=\"lazy\"\n\t\t\t\t><\/embed>\n\t\t\t<\/div>\n\t\t\t\n\n\n<div class=\"wp-block-uagb-advanced-heading uagb-block-8d2a0a95\"><h4 class=\"uagb-heading-text\">      Rua Miguel de Frias, 123 &#8211; Cobertura, 8\u00ba andar &#8211; 2\u00ba piso &#8211; Icara\u00ed &#8211; Niter\u00f3i &#8211; RJ\u2003\u2003\u2003\u2003\u2003Whatsapp: (21) 96953.2085<\/h4><\/div>\n\n\n\n<div style=\"height:100px\" aria-hidden=\"true\" class=\"wp-block-spacer\"><\/div>\n\n\n\n<div class=\"wp-block-uagb-advanced-heading uagb-block-c2f415de\"><h2 class=\"uagb-heading-text\">Fale conosco:<\/h2><div class=\"uagb-separator\"><\/div><\/div>\n\n\n\n<div class=\"wp-block-uagb-forms uagb-forms__outer-wrap uagb-block-4ff427ab uagb-forms__medium-btn\"><form class=\"uagb-forms-main-form\" method=\"post\" autocomplete=\"on\" name=\"uagb-form-4ff427ab\">\n<div class=\"wp-block-uagb-forms-name uagb-forms-name-wrap uagb-forms-field-set uagb-block-93940c22\"><div class=\"uagb-forms-name-label required uagb-forms-input-label\" id=\"93940c22\">First Name<\/div><input type=\"text\" placeholder=\"Nome\" required class=\"uagb-forms-name-input uagb-forms-input\" name=\"93940c22\" autocomplete=\"name\"\/><\/div>\n\n\n\n<div class=\"wp-block-uagb-forms-email uagb-forms-email-wrap uagb-forms-field-set uagb-block-4c88ac54\"><div class=\"uagb-forms-email-label required uagb-forms-input-label\" id=\"4c88ac54\">E-Mail<\/div><input type=\"email\" class=\"uagb-forms-email-input uagb-forms-input\" placeholder=\"seunome@email.com\" required name=\"4c88ac54\" autocomplete=\"email\"\/><\/div>\n\n\n\n<div class=\"wp-block-uagb-forms-textarea uagb-forms-textarea-wrap uagb-forms-field-set uagb-block-a72b5fa6\"><div class=\"uagb-forms-textarea-label required uagb-forms-input-label\" id=\"a72b5fa6\">Mensagem<\/div><textarea required class=\"uagb-forms-textarea-input uagb-forms-input\" rows=\"4\" placeholder=\"Escreva sua mensagem\" name=\"a72b5fa6\" autocomplete=\"off\"><\/textarea><\/div>\n<div class=\"uagb-forms-form-hidden-data\"><input type=\"hidden\" id=\"g-recaptcha-response\" class=\"uagb-forms-recaptcha\"\/><input type=\"hidden\" class=\"uagb_forms_form_label\" value=\"Formul\u00e1rio Spectra\"\/><input type=\"hidden\" class=\"uagb_forms_form_id\" value=\"uagb-form-4ff427ab\"\/><\/div><div class=\"uagb-form-reacaptcha-error-4ff427ab\"><\/div><div class=\"uagb-forms-main-submit-button-wrap wp-block-button\"><button class=\"uagb-forms-main-submit-button wp-block-button__link\"><div class=\"uagb-forms-main-submit-button-text\">Enviar mensagem<\/div><\/button><\/div><\/form><div class=\"uagb-forms-success-message-4ff427ab uagb-forms-submit-message-hide\"><span>Sua mensagem foi enviada com sucesso!<\/span><\/div><div class=\"uagb-forms-failed-message-4ff427ab uagb-forms-submit-message-hide\"><span>Ops&#8230; n\u00e3o conseguimos receber sua mensagem.<\/span><\/div><\/div>\n","protected":false},"excerpt":{"rendered":"<p>Apaixonados em realizar sonhos Top #3 destinos mais comprados: Atendimento presencial: Rua Miguel de Frias, 123 &#8211; Cobertura, 8\u00ba andar &#8211; 2\u00ba piso &#8211; Icara\u00ed &#8211; Niter\u00f3i &#8211; RJ\u2003\u2003\u2003\u2003\u2003Whatsapp: (21) 96953.2085 Fale conosco:<\/p>\n","protected":false},"author":1,"featured_media":0,"parent":0,"menu_order":0,"comment_status":"closed","ping_status":"closed","template":"","meta":{"_uag_custom_page_level_css":"","site-sidebar-layout":"no-sidebar","site-content-layout":"plain-container","ast-site-content-layout":"normal-width-container","site-content-style":"unboxed","site-sidebar-style":"unboxed","ast-global-header-display":"","ast-banner-title-visibility":"","ast-main-header-display":"","ast-hfb-above-header-display":"","ast-hfb-below-header-display":"","ast-hfb-mobile-header-display":"","site-post-title":"disabled","ast-breadcrumbs-content":"","ast-featured-img":"disabled","footer-sml-layout":"","theme-transparent-header-meta":"enabled","adv-header-id-meta":"","stick-header-meta":"","header-above-stick-meta":"","header-main-stick-meta":"","header-below-stick-meta":"","astra-migrate-meta-layouts":"set","footnotes":""},"class_list":["post-1055","page","type-page","status-publish","hentry"],"uagb_featured_image_src":{"full":false,"thumbnail":false,"medium":false,"medium_large":false,"large":false,"1536x1536":false,"2048x2048":false},"uagb_author_info":{"display_name":"brunolecambel","author_link":"https:\/\/academilhas.com.br\/agencia\/author\/brunolecambel\/"},"uagb_comment_info":0,"uagb_excerpt":"Apaixonados em realizar sonhos Top #3 destinos mais comprados: Atendimento presencial: Rua Miguel de Frias, 123 &#8211; Cobertura, 8\u00ba andar &#8211; 2\u00ba piso &#8211; Icara\u00ed &#8211; Niter\u00f3i &#8211; RJ\u2003\u2003\u2003\u2003\u2003Whatsapp: (21) 96953.2085 Fale conosco:","_links":{"self":[{"href":"https:\/\/academilhas.com.br\/agencia\/wp-json\/wp\/v2\/pages\/1055","targetHints":{"allow":["GET"]}}],"collection":[{"href":"https:\/\/academilhas.com.br\/agencia\/wp-json\/wp\/v2\/pages"}],"about":[{"href":"https:\/\/academilhas.com.br\/agencia\/wp-json\/wp\/v2\/types\/page"}],"author":[{"embeddable":true,"href":"https:\/\/academilhas.com.br\/agencia\/wp-json\/wp\/v2\/users\/1"}],"replies":[{"embeddable":true,"href":"https:\/\/academilhas.com.br\/agencia\/wp-json\/wp\/v2\/comments?post=1055"}],"version-history":[{"count":72,"href":"https:\/\/academilhas.com.br\/agencia\/wp-json\/wp\/v2\/pages\/1055\/revisions"}],"predecessor-version":[{"id":1787,"href":"https:\/\/academilhas.com.br\/agencia\/wp-json\/wp\/v2\/pages\/1055\/revisions\/1787"}],"wp:attachment":[{"href":"https:\/\/academilhas.com.br\/agencia\/wp-json\/wp\/v2\/media?parent=1055"}],"curies":[{"name":"wp","href":"https:\/\/api.w.org\/{rel}","templated":true}]}}